{"id":49748,"date":"2023-09-01T13:08:55","date_gmt":"2023-09-01T17:08:55","guid":{"rendered":"https:\/\/dev.mexxus.com\/kc\/declaration-de-revenus-personnelle\/"},"modified":"2023-09-08T10:38:28","modified_gmt":"2023-09-08T14:38:28","slug":"declaration-de-revenus-personnelle","status":"publish","type":"page","link":"https:\/\/kcaccounting.ca\/fr\/declaration-de-revenus-personnelle\/","title":{"rendered":"D\u00e9claration de revenus personnelle"},"content":{"rendered":"<p>[et_pb_section fb_built=\u00a0\u00bb1&Prime; _builder_version=\u00a0\u00bb4.22.1&Prime; _module_preset=\u00a0\u00bbdefault\u00a0\u00bb background_color=\u00a0\u00bbrgba(0,0,0,0.29)\u00a0\u00bb background_image=\u00a0\u00bbhttps:\/\/kcaccounting.ca\/wp-content\/uploads\/2023\/09\/taxes.jpg\u00a0\u00bb background_blend=\u00a0\u00bboverlay\u00a0\u00bb custom_padding=\u00a0\u00bb150px||150px||true|false\u00a0\u00bb global_colors_info=\u00a0\u00bb{}\u00a0\u00bb][et_pb_row _builder_version=\u00a0\u00bb4.22.1&Prime; _module_preset=\u00a0\u00bbdefault\u00a0\u00bb global_colors_info=\u00a0\u00bb{}\u00a0\u00bb][et_pb_column type=\u00a0\u00bb4_4&Prime; _builder_version=\u00a0\u00bb4.22.1&Prime; _module_preset=\u00a0\u00bbdefault\u00a0\u00bb global_colors_info=\u00a0\u00bb{}\u00a0\u00bb][et_pb_text _builder_version=\u00a0\u00bb4.22.1&Prime; _module_preset=\u00a0\u00bbdefault\u00a0\u00bb header_font=\u00a0\u00bbPoppins|700|||||||\u00a0\u00bb header_text_color=\u00a0\u00bb#FFFFFF\u00a0\u00bb header_font_size=\u00a0\u00bb60px\u00a0\u00bb hover_enabled=\u00a0\u00bb0&Prime; header_text_shadow_style=\u00a0\u00bbpreset3&Prime; global_colors_info=\u00a0\u00bb{}\u00a0\u00bb header_font_size_last_edited=\u00a0\u00bbon|phone\u00a0\u00bb sticky_enabled=\u00a0\u00bb0&Prime; header_font_size_phone=\u00a0\u00bb46px\u00a0\u00bb header_font_size_tablet=\u00a0\u00bb60px\u00a0\u00bb]<\/p>\n<h1>D\u00e9claration de revenus personnelle<\/h1>\n<p>[\/et_pb_text][\/et_pb_column][\/et_pb_row][\/et_pb_section][et_pb_section fb_built=\u00a0\u00bb1&Prime; _builder_version=\u00a0\u00bb4.16&Prime; custom_padding=\u00a0\u00bb80px|0px|80px|0px|true|false\u00a0\u00bb global_colors_info=\u00a0\u00bb{}\u00a0\u00bb][et_pb_row column_structure=\u00a0\u00bb1_2,1_2&Prime; use_custom_gutter=\u00a0\u00bbon\u00a0\u00bb gutter_width=\u00a0\u00bb1&Prime; make_equal=\u00a0\u00bbon\u00a0\u00bb padding_top_bottom_link_2=\u00a0\u00bbtrue\u00a0\u00bb padding_left_right_link_2=\u00a0\u00bbtrue\u00a0\u00bb _builder_version=\u00a0\u00bb4.22.1&Prime; custom_padding=\u00a0\u00bb||13px|||\u00a0\u00bb global_colors_info=\u00a0\u00bb{}\u00a0\u00bb][et_pb_column type=\u00a0\u00bb1_2&Prime; _builder_version=\u00a0\u00bb4.22.1&Prime; background_image=\u00a0\u00bbhttps:\/\/kcaccounting.ca\/wp-content\/uploads\/2023\/09\/rental-property.jpg\u00a0\u00bb custom_padding=\u00a0\u00bb|||\u00a0\u00bb global_colors_info=\u00a0\u00bb{}\u00a0\u00bb custom_padding__hover=\u00a0\u00bb|||\u00a0\u00bb][et_pb_divider color=\u00a0\u00bbrgba(0,0,0,0)\u00a0\u00bb disabled_on=\u00a0\u00bboff|off|on\u00a0\u00bb _builder_version=\u00a0\u00bb4.16&Prime; custom_padding=\u00a0\u00bb150px||150px||true\u00a0\u00bb global_colors_info=\u00a0\u00bb{}\u00a0\u00bb][\/et_pb_divider][\/et_pb_column][et_pb_column type=\u00a0\u00bb1_2&Prime; _builder_version=\u00a0\u00bb4.16&Prime; background_color=\u00a0\u00bb#ededed\u00a0\u00bb custom_padding=\u00a0\u00bb7%|4%|7%|4%\u00a0\u00bb global_colors_info=\u00a0\u00bb{}\u00a0\u00bb custom_padding__hover=\u00a0\u00bb|||\u00a0\u00bb][et_pb_text _builder_version=\u00a0\u00bb4.22.1&Prime; text_font=\u00a0\u00bbRoboto|300|||||||\u00a0\u00bb text_text_color=\u00a0\u00bb#000000&Prime; text_font_size=\u00a0\u00bb15px\u00a0\u00bb text_line_height=\u00a0\u00bb1.8em\u00a0\u00bb header_font=\u00a0\u00bbPoppins|600|||||||\u00a0\u00bb header_text_color=\u00a0\u00bb#000000&Prime; header_line_height=\u00a0\u00bb1.3em\u00a0\u00bb header_2_font=\u00a0\u00bbPoppins||||||||\u00a0\u00bb header_font_size_tablet=\u00a0\u00bb\u00a0\u00bb header_font_size_phone=\u00a0\u00bb25px\u00a0\u00bb header_font_size_last_edited=\u00a0\u00bbon|desktop\u00a0\u00bb global_colors_info=\u00a0\u00bb{}\u00a0\u00bb]<\/p>\n<h2>Propri\u00e9t\u00e9 locative<\/h2>\n<p>G\u00e9n\u00e9ralement, toute somme d\u2019argent que vous recevez pour la location d\u2019une propri\u00e9t\u00e9 sera assujettie \u00e0 l\u2019imp\u00f4t sur le revenu, donc vous devez l\u2019inclure dans votre d\u00e9claration de revenus. Parall\u00e8lement, il y a plusieurs d\u00e9penses que vous pouvez d\u00e9duire pour calculer votre revenu de location net.<\/p>\n<p>Ces d\u00e9penses incluent l\u2019int\u00e9r\u00eat sur le pr\u00eat hypoth\u00e9caire, les taxes fonci\u00e8res, les frais des services publics, l\u2019assurance-habitation, les frais d\u2019entretien, de publicit\u00e9, et les frais de gestion immobili\u00e8re. Assurez-vous de b\u00e9n\u00e9ficier de toutes les d\u00e9ductions et cr\u00e9dits auxquelles vous avez droit, Comptabilit\u00e9 KC Accounting vous aidera \u00e0 obtenir le maximum.[\/et_pb_text][\/et_pb_column][\/et_pb_row][et_pb_row column_structure=\u00a0\u00bb1_2,1_2&Prime; use_custom_gutter=\u00a0\u00bbon\u00a0\u00bb gutter_width=\u00a0\u00bb1&Prime; make_equal=\u00a0\u00bbon\u00a0\u00bb padding_top_bottom_link_2=\u00a0\u00bbtrue\u00a0\u00bb padding_left_right_link_2=\u00a0\u00bbtrue\u00a0\u00bb _builder_version=\u00a0\u00bb4.22.1&Prime; custom_padding=\u00a0\u00bb||13px|||\u00a0\u00bb global_colors_info=\u00a0\u00bb{}\u00a0\u00bb][et_pb_column type=\u00a0\u00bb1_2&Prime; _builder_version=\u00a0\u00bb4.16&Prime; background_color=\u00a0\u00bb#ededed\u00a0\u00bb custom_padding=\u00a0\u00bb7%|4%|7%|4%\u00a0\u00bb global_colors_info=\u00a0\u00bb{}\u00a0\u00bb custom_padding__hover=\u00a0\u00bb|||\u00a0\u00bb][et_pb_text _builder_version=\u00a0\u00bb4.22.1&Prime; text_font=\u00a0\u00bbRoboto|300|||||||\u00a0\u00bb text_text_color=\u00a0\u00bb#000000&Prime; text_font_size=\u00a0\u00bb15px\u00a0\u00bb text_line_height=\u00a0\u00bb1.8em\u00a0\u00bb header_font=\u00a0\u00bbPoppins|600|||||||\u00a0\u00bb header_text_color=\u00a0\u00bb#000000&Prime; header_line_height=\u00a0\u00bb1.3em\u00a0\u00bb header_2_font=\u00a0\u00bbPoppins||||||||\u00a0\u00bb header_font_size_tablet=\u00a0\u00bb\u00a0\u00bb header_font_size_phone=\u00a0\u00bb25px\u00a0\u00bb header_font_size_last_edited=\u00a0\u00bbon|desktop\u00a0\u00bb global_colors_info=\u00a0\u00bb{}\u00a0\u00bb]<\/p>\n<h2>Travailleur ind\u00e9pendant<\/h2>\n<p>Lorsque vous devenez travailleur ind\u00e9pendant, cela signifie que vous travaillez pour votre propre compte plut\u00f4t que de travailler pour un employeur et il y a plusieurs choses que vous devez prendre en consid\u00e9ration au moment de remplir votre d\u00e9claration de revenus.<\/p>\n<p>Vous devez d\u00e9clarer votre revenu et vos gains en capital correctement ainsi que les montants d\u2019imp\u00f4ts. Simultan\u00e9ment, un travailleur ind\u00e9pendant pourra b\u00e9n\u00e9ficier de d\u00e9ductions auxquelles il\/elle n\u2019avait pas droit lorsqu\u2019il\/elle \u00e9tait \u00e0 l\u2019emploi de quelqu\u2019un d\u2019autre.<\/p>\n<p><strong>Voici quelques id\u00e9es qui vous permettront d\u2019\u00e9conomiser de l\u2019imp\u00f4t:<\/strong><\/p>\n<ul>\n<li>Bureau \u00e0 domicile<\/li>\n<li>Frais d\u2019automobile<\/li>\n<li>Salaires pay\u00e9s \u00e0 un employ\u00e9 (si vous en avez un)<\/li>\n<li>Fournitures utilis\u00e9es pour gagner un revenu<\/li>\n<li>Ce n\u2019est pas tout\u2026<\/li>\n<\/ul>\n<p>Comptabilit\u00e9 KC Accounting vous aidera \u00e0 minimiser l\u2019imp\u00f4t \u00e0 payer ou m\u00eame obtenir un remboursement. Nous savons quelles d\u00e9ductions et quels cr\u00e9dits auquels vous avez droit.<\/p>\n<p>[\/et_pb_text][\/et_pb_column][et_pb_column type=\u00a0\u00bb1_2&Prime; _builder_version=\u00a0\u00bb4.22.1&Prime; background_image=\u00a0\u00bbhttps:\/\/kcaccounting.ca\/wp-content\/uploads\/2023\/09\/self-employeed.jpg\u00a0\u00bb background_position=\u00a0\u00bbcenter_left\u00a0\u00bb custom_padding=\u00a0\u00bb|||\u00a0\u00bb global_colors_info=\u00a0\u00bb{}\u00a0\u00bb custom_padding__hover=\u00a0\u00bb|||\u00a0\u00bb][et_pb_divider color=\u00a0\u00bbrgba(0,0,0,0)\u00a0\u00bb disabled_on=\u00a0\u00bboff|off|on\u00a0\u00bb _builder_version=\u00a0\u00bb4.16&Prime; custom_padding=\u00a0\u00bb150px||150px||true\u00a0\u00bb global_colors_info=\u00a0\u00bb{}\u00a0\u00bb][\/et_pb_divider][\/et_pb_column][\/et_pb_row][\/et_pb_section]<\/p>\n","protected":false},"excerpt":{"rendered":"<p>D\u00e9claration de revenus personnellePropri\u00e9t\u00e9 locative G\u00e9n\u00e9ralement, toute somme d\u2019argent que vous recevez pour la location d\u2019une propri\u00e9t\u00e9 sera assujettie \u00e0 l\u2019imp\u00f4t sur le revenu, donc vous devez l\u2019inclure dans votre d\u00e9claration de revenus. Parall\u00e8lement, il y a plusieurs d\u00e9penses que vous pouvez d\u00e9duire pour calculer votre revenu de location net. Ces d\u00e9penses incluent l\u2019int\u00e9r\u00eat sur [&hellip;]<\/p>\n","protected":false},"author":1,"featured_media":0,"parent":0,"menu_order":0,"comment_status":"closed","ping_status":"closed","template":"","meta":{"_et_pb_use_builder":"on","_et_pb_old_content":"","_et_gb_content_width":"","footnotes":""},"class_list":["post-49748","page","type-page","status-publish","hentry"],"_links":{"self":[{"href":"https:\/\/kcaccounting.ca\/fr\/wp-json\/wp\/v2\/pages\/49748","targetHints":{"allow":["GET"]}}],"collection":[{"href":"https:\/\/kcaccounting.ca\/fr\/wp-json\/wp\/v2\/pages"}],"about":[{"href":"https:\/\/kcaccounting.ca\/fr\/wp-json\/wp\/v2\/types\/page"}],"author":[{"embeddable":true,"href":"https:\/\/kcaccounting.ca\/fr\/wp-json\/wp\/v2\/users\/1"}],"replies":[{"embeddable":true,"href":"https:\/\/kcaccounting.ca\/fr\/wp-json\/wp\/v2\/comments?post=49748"}],"version-history":[{"count":3,"href":"https:\/\/kcaccounting.ca\/fr\/wp-json\/wp\/v2\/pages\/49748\/revisions"}],"predecessor-version":[{"id":49803,"href":"https:\/\/kcaccounting.ca\/fr\/wp-json\/wp\/v2\/pages\/49748\/revisions\/49803"}],"wp:attachment":[{"href":"https:\/\/kcaccounting.ca\/fr\/wp-json\/wp\/v2\/media?parent=49748"}],"curies":[{"name":"wp","href":"https:\/\/api.w.org\/{rel}","templated":true}]}}