{"id":49751,"date":"2023-08-31T15:08:11","date_gmt":"2023-08-31T19:08:11","guid":{"rendered":"https:\/\/dev.mexxus.com\/kc\/comptabilite-et-tenue-de-livres\/"},"modified":"2023-09-08T10:37:29","modified_gmt":"2023-09-08T14:37:29","slug":"comptabilite-et-tenue-de-livres","status":"publish","type":"page","link":"https:\/\/kcaccounting.ca\/fr\/comptabilite-et-tenue-de-livres\/","title":{"rendered":"Comptabilit\u00e9 et tenue de livres"},"content":{"rendered":"<p>[et_pb_section fb_built=\u00a0\u00bb1&Prime; _builder_version=\u00a0\u00bb4.22.1&Prime; _module_preset=\u00a0\u00bbdefault\u00a0\u00bb background_color=\u00a0\u00bbrgba(0,0,0,0.29)\u00a0\u00bb background_image=\u00a0\u00bbhttps:\/\/kcaccounting.ca\/wp-content\/uploads\/2023\/08\/calc-kc.jpg\u00a0\u00bb background_blend=\u00a0\u00bboverlay\u00a0\u00bb custom_padding=\u00a0\u00bb150px||150px||true|false\u00a0\u00bb global_colors_info=\u00a0\u00bb{}\u00a0\u00bb][et_pb_row _builder_version=\u00a0\u00bb4.22.1&Prime; _module_preset=\u00a0\u00bbdefault\u00a0\u00bb global_colors_info=\u00a0\u00bb{}\u00a0\u00bb][et_pb_column type=\u00a0\u00bb4_4&Prime; _builder_version=\u00a0\u00bb4.22.1&Prime; _module_preset=\u00a0\u00bbdefault\u00a0\u00bb global_colors_info=\u00a0\u00bb{}\u00a0\u00bb][et_pb_text _builder_version=\u00a0\u00bb4.22.1&Prime; _module_preset=\u00a0\u00bbdefault\u00a0\u00bb header_font=\u00a0\u00bbPoppins|700|||||||\u00a0\u00bb header_text_color=\u00a0\u00bb#FFFFFF\u00a0\u00bb header_font_size=\u00a0\u00bb60px\u00a0\u00bb hover_enabled=\u00a0\u00bb0&Prime; header_text_shadow_style=\u00a0\u00bbpreset3&Prime; global_colors_info=\u00a0\u00bb{}\u00a0\u00bb header_font_size_last_edited=\u00a0\u00bbon|phone\u00a0\u00bb header_font_size_phone=\u00a0\u00bb46px\u00a0\u00bb sticky_enabled=\u00a0\u00bb0&Prime; header_font_size_tablet=\u00a0\u00bb60px\u00a0\u00bb]<\/p>\n<h1>Comptabilit\u00e9 et tenue de livres<\/h1>\n<p>[\/et_pb_text][\/et_pb_column][\/et_pb_row][\/et_pb_section][et_pb_section fb_built=\u00a0\u00bb1&Prime; _builder_version=\u00a0\u00bb4.16&Prime; custom_padding=\u00a0\u00bb80px|0px|80px|0px|true|false\u00a0\u00bb global_colors_info=\u00a0\u00bb{}\u00a0\u00bb][et_pb_row column_structure=\u00a0\u00bb1_2,1_2&Prime; use_custom_gutter=\u00a0\u00bbon\u00a0\u00bb gutter_width=\u00a0\u00bb1&Prime; make_equal=\u00a0\u00bbon\u00a0\u00bb padding_top_bottom_link_2=\u00a0\u00bbtrue\u00a0\u00bb padding_left_right_link_2=\u00a0\u00bbtrue\u00a0\u00bb _builder_version=\u00a0\u00bb4.22.1&Prime; custom_padding=\u00a0\u00bb||13px|||\u00a0\u00bb global_colors_info=\u00a0\u00bb{}\u00a0\u00bb][et_pb_column type=\u00a0\u00bb1_2&Prime; _builder_version=\u00a0\u00bb4.22.1&Prime; background_image=\u00a0\u00bbhttps:\/\/kcaccounting.ca\/wp-content\/uploads\/2023\/08\/gst-qst.jpg\u00a0\u00bb custom_padding=\u00a0\u00bb|||\u00a0\u00bb global_colors_info=\u00a0\u00bb{}\u00a0\u00bb custom_padding__hover=\u00a0\u00bb|||\u00a0\u00bb][et_pb_divider color=\u00a0\u00bbrgba(0,0,0,0)\u00a0\u00bb disabled_on=\u00a0\u00bboff|off|on\u00a0\u00bb _builder_version=\u00a0\u00bb4.16&Prime; custom_padding=\u00a0\u00bb150px||150px||true\u00a0\u00bb global_colors_info=\u00a0\u00bb{}\u00a0\u00bb][\/et_pb_divider][\/et_pb_column][et_pb_column type=\u00a0\u00bb1_2&Prime; _builder_version=\u00a0\u00bb4.16&Prime; background_color=\u00a0\u00bb#ededed\u00a0\u00bb custom_padding=\u00a0\u00bb7%|4%|7%|4%\u00a0\u00bb global_colors_info=\u00a0\u00bb{}\u00a0\u00bb custom_padding__hover=\u00a0\u00bb|||\u00a0\u00bb][et_pb_text _builder_version=\u00a0\u00bb4.22.1&Prime; text_font=\u00a0\u00bbRoboto|300|||||||\u00a0\u00bb text_text_color=\u00a0\u00bb#000000&Prime; text_font_size=\u00a0\u00bb15px\u00a0\u00bb text_line_height=\u00a0\u00bb1.8em\u00a0\u00bb header_font=\u00a0\u00bbPoppins|600|||||||\u00a0\u00bb header_text_color=\u00a0\u00bb#000000&Prime; header_line_height=\u00a0\u00bb1.3em\u00a0\u00bb header_2_font=\u00a0\u00bbPoppins||||||||\u00a0\u00bb header_font_size_tablet=\u00a0\u00bb\u00a0\u00bb header_font_size_phone=\u00a0\u00bb25px\u00a0\u00bb header_font_size_last_edited=\u00a0\u00bbon|desktop\u00a0\u00bb global_colors_info=\u00a0\u00bb{}\u00a0\u00bb]<\/p>\n<h2>D\u00e9clarations TPS &amp; TVQ<\/h2>\n<p>Toutes les entreprises sont tenues de maintenir des dossiers exacts \u00e0 des fins fiscales et le traitement des taxes de ventes TPS et TVQ. En s\u2019occupant de la tenue de livres pour votre entreprise, Comptabilit\u00e9 KC Accounting fournit des rapports pr\u00e9cis pour la TPS et la TVQ.<\/p>\n<p>Tous les comptes n\u00e9cessaires pour calculer le montant d\u2019imp\u00f4t que vous devez payer, sont d\u00fbment compl\u00e9t\u00e9s afin de s\u2019assurer que les montants de TPS\/TVQ payables (remboursement) sont pr\u00e9cis et fiables.<\/p>\n<p>Vous n\u2019avez pas \u00e0 vous inqui\u00e9ter des dates limites puisque Comptabilit\u00e9 KC Accounting s\u2019assurera que tous vos rapports soient compl\u00e9t\u00e9s et soumis dans les d\u00e9lais prescrits pour \u00e9viter toutes p\u00e9nalit\u00e9s.<\/p>\n<p>[\/et_pb_text][\/et_pb_column][\/et_pb_row][et_pb_row column_structure=\u00a0\u00bb1_2,1_2&Prime; use_custom_gutter=\u00a0\u00bbon\u00a0\u00bb gutter_width=\u00a0\u00bb1&Prime; make_equal=\u00a0\u00bbon\u00a0\u00bb padding_top_bottom_link_2=\u00a0\u00bbtrue\u00a0\u00bb padding_left_right_link_2=\u00a0\u00bbtrue\u00a0\u00bb _builder_version=\u00a0\u00bb4.22.1&Prime; custom_padding=\u00a0\u00bb||13px|||\u00a0\u00bb global_colors_info=\u00a0\u00bb{}\u00a0\u00bb][et_pb_column type=\u00a0\u00bb1_2&Prime; _builder_version=\u00a0\u00bb4.16&Prime; background_color=\u00a0\u00bb#ededed\u00a0\u00bb custom_padding=\u00a0\u00bb7%|4%|7%|4%\u00a0\u00bb global_colors_info=\u00a0\u00bb{}\u00a0\u00bb custom_padding__hover=\u00a0\u00bb|||\u00a0\u00bb][et_pb_text _builder_version=\u00a0\u00bb4.22.1&Prime; text_font=\u00a0\u00bbRoboto|300|||||||\u00a0\u00bb text_text_color=\u00a0\u00bb#000000&Prime; text_font_size=\u00a0\u00bb15px\u00a0\u00bb text_line_height=\u00a0\u00bb1.8em\u00a0\u00bb header_font=\u00a0\u00bbPoppins|600|||||||\u00a0\u00bb header_text_color=\u00a0\u00bb#000000&Prime; header_line_height=\u00a0\u00bb1.3em\u00a0\u00bb header_2_font=\u00a0\u00bbPoppins||||||||\u00a0\u00bb header_font_size_tablet=\u00a0\u00bb\u00a0\u00bb header_font_size_phone=\u00a0\u00bb25px\u00a0\u00bb header_font_size_last_edited=\u00a0\u00bbon|desktop\u00a0\u00bb global_colors_info=\u00a0\u00bb{}\u00a0\u00bb]<\/p>\n<h2>Service de la paie<\/h2>\n<p>Comptabilit\u00e9 KC Accounting traite les activit\u00e9s relatives \u00e0 la paie et effectue les entr\u00e9es n\u00e9cessaires pour enregistrer la paie dans un syst\u00e8me comptable. Les entr\u00e9es de donn\u00e9es de paie incluront l\u2019enregistrement complet des salaires bruts, taxes de l\u2019employeur et autres d\u00e9penses li\u00e9es \u00e0 la paie, ainsi que les passifs li\u00e9s \u00e0 la paie.[\/et_pb_text][et_pb_text _builder_version=\u00a0\u00bb4.22.1&Prime; text_font=\u00a0\u00bbRoboto|300|||||||\u00a0\u00bb text_text_color=\u00a0\u00bb#000000&Prime; text_font_size=\u00a0\u00bb15px\u00a0\u00bb text_line_height=\u00a0\u00bb1.8em\u00a0\u00bb header_font=\u00a0\u00bbPoppins|600|||||||\u00a0\u00bb header_text_color=\u00a0\u00bb#000000&Prime; header_line_height=\u00a0\u00bb1.3em\u00a0\u00bb header_2_font=\u00a0\u00bbPoppins||||||||\u00a0\u00bb custom_margin=\u00a0\u00bb20px||||false|false\u00a0\u00bb header_font_size_tablet=\u00a0\u00bb\u00a0\u00bb header_font_size_phone=\u00a0\u00bb25px\u00a0\u00bb header_font_size_last_edited=\u00a0\u00bbon|desktop\u00a0\u00bb global_colors_info=\u00a0\u00bb{}\u00a0\u00bb]<\/p>\n<p><span>Il y a de nombreux avantages de choisir <strong>Comptabilit\u00e9<\/strong> <strong>KC<\/strong> <strong>Accounting<\/strong> pour votre service de paie:<\/span><\/p>\n<p><span><\/span><\/p>\n<ul>\n<li><span>La gestion de la paie et des taxes est effectu\u00e9e rapidement et de fa\u00e7on efficace pour vous. Nous vous soulagerons des soucis de la gestion de la paie<\/span><\/li>\n<li><span>Nous allons vous \u00e9viter les tracas de communiquer avec les autorit\u00e9s f\u00e9d\u00e9rales et provinciales concernant les taxes. Nous agirons \u00e0 titre de liaison en votre nom.<\/span><\/li>\n<li><span>Vous n\u2019avez pas besoin d\u2019\u00eatre un expert sur les questions de conformit\u00e9. Nous vous tenons au courant de la loi relative \u00e0 l\u2019imp\u00f4t sur les salaires.<\/span><\/li>\n<li><span>Vous \u00eates lib\u00e9r\u00e9 des t\u00e2ches qui demandent du temps. \u00c0 partir de vos donn\u00e9es, nous faisons le traitement de la paie, pr\u00e9parons les d\u00e9clarations fiscales et vous les remettons. Soustrayez ces heures que vous consacrez \u00e0 la pr\u00e9paration de la paie et vous aurez plus de temps \u00e0 investir dans la gestion de votre entreprise.<\/span><\/li>\n<li><span>Vous pourrez comprendre, am\u00e9liorer et g\u00e9rer votre entreprisre de mani\u00e8re plus efficace. Nous vous procurons des comptes-rendus adapt\u00e9s aux besoins de votre entreprise.<\/span><\/li>\n<li><span>Vous n\u2019avez plus \u00e0 vous soucier puisque nous nous occupons de tous les aspects de la paie pour votre entreprise.<\/span><\/li>\n<li><span>Les rapports sont compl\u00e9t\u00e9s et soumis dans les d\u00e9lais prescrits pour \u00e9viter toutes p\u00e9nalit\u00e9s.<\/span><\/li>\n<\/ul>\n<p>[\/et_pb_text][\/et_pb_column][et_pb_column type=\u00a0\u00bb1_2&Prime; _builder_version=\u00a0\u00bb4.22.1&Prime; background_image=\u00a0\u00bbhttps:\/\/kcaccounting.ca\/wp-content\/uploads\/2023\/08\/payroll.jpg\u00a0\u00bb custom_padding=\u00a0\u00bb|||\u00a0\u00bb global_colors_info=\u00a0\u00bb{}\u00a0\u00bb custom_padding__hover=\u00a0\u00bb|||\u00a0\u00bb][et_pb_divider color=\u00a0\u00bbrgba(0,0,0,0)\u00a0\u00bb disabled_on=\u00a0\u00bboff|off|on\u00a0\u00bb _builder_version=\u00a0\u00bb4.16&Prime; custom_padding=\u00a0\u00bb150px||150px||true\u00a0\u00bb global_colors_info=\u00a0\u00bb{}\u00a0\u00bb][\/et_pb_divider][\/et_pb_column][\/et_pb_row][et_pb_row column_structure=\u00a0\u00bb1_2,1_2&Prime; use_custom_gutter=\u00a0\u00bbon\u00a0\u00bb gutter_width=\u00a0\u00bb1&Prime; make_equal=\u00a0\u00bbon\u00a0\u00bb padding_top_bottom_link_2=\u00a0\u00bbtrue\u00a0\u00bb padding_left_right_link_2=\u00a0\u00bbtrue\u00a0\u00bb _builder_version=\u00a0\u00bb4.22.1&Prime; custom_padding=\u00a0\u00bb||13px|||\u00a0\u00bb global_colors_info=\u00a0\u00bb{}\u00a0\u00bb][et_pb_column type=\u00a0\u00bb1_2&Prime; _builder_version=\u00a0\u00bb4.22.1&Prime; background_image=\u00a0\u00bbhttps:\/\/kcaccounting.ca\/wp-content\/uploads\/2023\/09\/small-business.jpg\u00a0\u00bb custom_padding=\u00a0\u00bb|||\u00a0\u00bb global_colors_info=\u00a0\u00bb{}\u00a0\u00bb custom_padding__hover=\u00a0\u00bb|||\u00a0\u00bb][et_pb_divider color=\u00a0\u00bbrgba(0,0,0,0)\u00a0\u00bb disabled_on=\u00a0\u00bboff|off|on\u00a0\u00bb _builder_version=\u00a0\u00bb4.16&Prime; custom_padding=\u00a0\u00bb150px||150px||true\u00a0\u00bb global_colors_info=\u00a0\u00bb{}\u00a0\u00bb][\/et_pb_divider][\/et_pb_column][et_pb_column type=\u00a0\u00bb1_2&Prime; _builder_version=\u00a0\u00bb4.16&Prime; background_color=\u00a0\u00bb#ededed\u00a0\u00bb custom_padding=\u00a0\u00bb7%|4%|7%|4%\u00a0\u00bb global_colors_info=\u00a0\u00bb{}\u00a0\u00bb custom_padding__hover=\u00a0\u00bb|||\u00a0\u00bb][et_pb_text _builder_version=\u00a0\u00bb4.22.1&Prime; text_font=\u00a0\u00bbRoboto|300|||||||\u00a0\u00bb text_text_color=\u00a0\u00bb#000000&Prime; text_font_size=\u00a0\u00bb15px\u00a0\u00bb text_line_height=\u00a0\u00bb1.8em\u00a0\u00bb header_font=\u00a0\u00bbPoppins|600|||||||\u00a0\u00bb header_text_color=\u00a0\u00bb#000000&Prime; header_line_height=\u00a0\u00bb1.3em\u00a0\u00bb header_2_font=\u00a0\u00bbPoppins||||||||\u00a0\u00bb header_font_size_tablet=\u00a0\u00bb\u00a0\u00bb header_font_size_phone=\u00a0\u00bb25px\u00a0\u00bb header_font_size_last_edited=\u00a0\u00bbon|desktop\u00a0\u00bb global_colors_info=\u00a0\u00bb{}\u00a0\u00bb]<\/p>\n<h2>Petites Entreprises<\/h2>\n<p>Les taxes peuvent repr\u00e9senter un lourd fardeau pour une entreprise. Plusieurs entreprises ont besoin de conseils avis\u00e9s pour diminuer l\u2019imp\u00f4t \u00e0 payer. Comptabilit\u00e9 KC Accounting poss\u00e8de plusieurs ann\u00e9es d\u2019exp\u00e9rience dans tous les aspects de la fiscalit\u00e9 pour les petites entreprises de secteurs vari\u00e9s.<\/p>\n<p><strong>Lorsqu\u2019il s\u2019agit des frais d\u2019entreprise, il y a toujours de nombreuses questions:<\/strong><\/p>\n<ul>\n<li>Comment r\u00e9clamer un montant pour l\u2019amortissement fiscal<\/li>\n<li>Comment r\u00e9clamer des frais de v\u00e9hicule \u00e0 moteur<\/li>\n<li>Quoi faire au sujet des d\u00e9penses d\u2019une entreprise \u00e0 domicile<\/li>\n<li>Comment r\u00e9clamer les d\u00e9penses de nourriture et de divertissements<\/li>\n<\/ul>\n<p>Comptabilit\u00e9 KC Accounting conna\u00eet les r\u00e9ponses \u00e0 ces questions et bien plus encore. Nous pouvons remplir votre d\u00e9claration de revenus pour vous, calculer vos imp\u00f4ts \u00e0 payer et vous conseiller sur les modalit\u00e9s de paiement. Nous avons l\u2019exp\u00e9rience n\u00e9cessaire pour vous lib\u00e9rer de ce fardeau.<\/p>\n<p>[\/et_pb_text][\/et_pb_column][\/et_pb_row][et_pb_row column_structure=\u00a0\u00bb1_2,1_2&Prime; use_custom_gutter=\u00a0\u00bbon\u00a0\u00bb gutter_width=\u00a0\u00bb1&Prime; make_equal=\u00a0\u00bbon\u00a0\u00bb padding_top_bottom_link_2=\u00a0\u00bbtrue\u00a0\u00bb padding_left_right_link_2=\u00a0\u00bbtrue\u00a0\u00bb _builder_version=\u00a0\u00bb4.22.1&Prime; custom_padding=\u00a0\u00bb||13px|||\u00a0\u00bb global_colors_info=\u00a0\u00bb{}\u00a0\u00bb][et_pb_column type=\u00a0\u00bb1_2&Prime; _builder_version=\u00a0\u00bb4.16&Prime; background_color=\u00a0\u00bb#ededed\u00a0\u00bb custom_padding=\u00a0\u00bb7%|4%|7%|4%\u00a0\u00bb global_colors_info=\u00a0\u00bb{}\u00a0\u00bb custom_padding__hover=\u00a0\u00bb|||\u00a0\u00bb][et_pb_text _builder_version=\u00a0\u00bb4.22.1&Prime; text_font=\u00a0\u00bbRoboto|300|||||||\u00a0\u00bb text_text_color=\u00a0\u00bb#000000&Prime; text_font_size=\u00a0\u00bb15px\u00a0\u00bb text_line_height=\u00a0\u00bb1.8em\u00a0\u00bb header_font=\u00a0\u00bbPoppins|600|||||||\u00a0\u00bb header_text_color=\u00a0\u00bb#000000&Prime; header_line_height=\u00a0\u00bb1.3em\u00a0\u00bb header_2_font=\u00a0\u00bbPoppins||||||||\u00a0\u00bb header_font_size_tablet=\u00a0\u00bb\u00a0\u00bb header_font_size_phone=\u00a0\u00bb25px\u00a0\u00bb header_font_size_last_edited=\u00a0\u00bbon|desktop\u00a0\u00bb global_colors_info=\u00a0\u00bb{}\u00a0\u00bb]<\/p>\n<h2>\u00c9tats financiers<\/h2>\n<p>Il est indispensable pour toute entreprise d\u2019avoir des \u00e9tats financiers exacts. Les bilans, ainsi que les \u00e9tats de r\u00e9sultats, constituent les \u00e9l\u00e9ments les plus fondamentaux lorsque vous pr\u00e9sentez l\u2019information financi\u00e8re \u00e0 des cr\u00e9anciers \u00e9ventuels tels que les banques, investisseurs, et vendeurs pour qu\u2019ils d\u00e9terminent la limite de cr\u00e9dit qu\u2019ils peuvent vous accorder.<\/p>\n<p>En s\u2019occupant de la tenue de livres pour votre entreprise, Comptabilit\u00e9 KC Accounting produit des \u00e9tats financiers pr\u00e9cis. Un \u00e9tat de r\u00e9sultats vous permet d\u2019assurer un suivi des activit\u00e9s de d\u00e9penses et revenus afin que vous puissiez \u00e9tablir le rendement de votre entreprise et d\u00e9terminer vos imp\u00f4ts \u00e0 payer.<\/p>\n<p>Un bilan vous offre un aper\u00e7u de la situation financi\u00e8re de votre entreprise \u00e0 un moment pr\u00e9cis dans le temps. Un bilan vous permet d\u2019avoir rapidement une id\u00e9e de la stabilit\u00e9 et la capacit\u00e9 financi\u00e8re de votre entreprise, afin de d\u00e9terminer et analyser les tendances, particuli\u00e8rement en ce qui concerne les comptes recevables et payables.<\/p>\n<p>Comptabilit\u00e9 KC Accounting vous procure l\u2019analyse des \u00e9tats financiers pour guider vos prises de d\u00e9cisions.[\/et_pb_text][\/et_pb_column][et_pb_column type=\u00a0\u00bb1_2&Prime; _builder_version=\u00a0\u00bb4.22.1&Prime; background_image=\u00a0\u00bbhttps:\/\/kcaccounting.ca\/wp-content\/uploads\/2023\/09\/goingthroughfinances.jpg\u00a0\u00bb custom_padding=\u00a0\u00bb|||\u00a0\u00bb global_colors_info=\u00a0\u00bb{}\u00a0\u00bb custom_padding__hover=\u00a0\u00bb|||\u00a0\u00bb][et_pb_divider color=\u00a0\u00bbrgba(0,0,0,0)\u00a0\u00bb disabled_on=\u00a0\u00bboff|off|on\u00a0\u00bb _builder_version=\u00a0\u00bb4.22.1&Prime; custom_padding=\u00a0\u00bb150px||150px||true\u00a0\u00bb global_colors_info=\u00a0\u00bb{}\u00a0\u00bb][\/et_pb_divider][\/et_pb_column][\/et_pb_row][et_pb_row column_structure=\u00a0\u00bb1_2,1_2&Prime; use_custom_gutter=\u00a0\u00bbon\u00a0\u00bb gutter_width=\u00a0\u00bb1&Prime; make_equal=\u00a0\u00bbon\u00a0\u00bb padding_top_bottom_link_2=\u00a0\u00bbtrue\u00a0\u00bb padding_left_right_link_2=\u00a0\u00bbtrue\u00a0\u00bb _builder_version=\u00a0\u00bb4.22.1&Prime; custom_padding=\u00a0\u00bb||13px|||\u00a0\u00bb global_colors_info=\u00a0\u00bb{}\u00a0\u00bb][et_pb_column type=\u00a0\u00bb1_2&Prime; _builder_version=\u00a0\u00bb4.22.1&Prime; background_image=\u00a0\u00bbhttps:\/\/kcaccounting.ca\/wp-content\/uploads\/2023\/09\/corp-tax.jpg\u00a0\u00bb custom_padding=\u00a0\u00bb|||\u00a0\u00bb global_colors_info=\u00a0\u00bb{}\u00a0\u00bb custom_padding__hover=\u00a0\u00bb|||\u00a0\u00bb][et_pb_divider color=\u00a0\u00bbrgba(0,0,0,0)\u00a0\u00bb disabled_on=\u00a0\u00bboff|off|on\u00a0\u00bb _builder_version=\u00a0\u00bb4.22.1&Prime; custom_padding=\u00a0\u00bb150px||150px||true\u00a0\u00bb global_colors_info=\u00a0\u00bb{}\u00a0\u00bb][\/et_pb_divider][\/et_pb_column][et_pb_column type=\u00a0\u00bb1_2&Prime; _builder_version=\u00a0\u00bb4.16&Prime; background_color=\u00a0\u00bb#ededed\u00a0\u00bb custom_padding=\u00a0\u00bb7%|4%|7%|4%\u00a0\u00bb global_colors_info=\u00a0\u00bb{}\u00a0\u00bb custom_padding__hover=\u00a0\u00bb|||\u00a0\u00bb][et_pb_text _builder_version=\u00a0\u00bb4.22.1&Prime; text_font=\u00a0\u00bbRoboto|300|||||||\u00a0\u00bb text_text_color=\u00a0\u00bb#000000&Prime; text_font_size=\u00a0\u00bb15px\u00a0\u00bb text_line_height=\u00a0\u00bb1.8em\u00a0\u00bb header_font=\u00a0\u00bbPoppins|600|||||||\u00a0\u00bb header_text_color=\u00a0\u00bb#000000&Prime; header_line_height=\u00a0\u00bb1.3em\u00a0\u00bb header_2_font=\u00a0\u00bbPoppins||||||||\u00a0\u00bb header_font_size_tablet=\u00a0\u00bb\u00a0\u00bb header_font_size_phone=\u00a0\u00bb25px\u00a0\u00bb header_font_size_last_edited=\u00a0\u00bbon|desktop\u00a0\u00bb global_colors_info=\u00a0\u00bb{}\u00a0\u00bb]<\/p>\n<h2>Imp\u00f4ts sur les b\u00e9n\u00e9fices<\/h2>\n<p>Comptabilit\u00e9 KC Accounting pr\u00e9pare et g\u00e8re tous les documents administratifs. Nous nous occupons des op\u00e9rations annuelles et la tenue des dossiers en plus d\u2019effectuer d\u2019autres t\u00e2ches routini\u00e8res dans les domaines du droit corporatif et du droit commercial. Nous allons nous occuper des transactions comptables, de la paie, des conformit\u00e9s, etc. afin de lib\u00e9rer nos clients de ces pr\u00e9occupations et leur offrir la tranquillit\u00e9 d\u2019esprit et la libert\u00e9 de consacrer leurs efforts sur les fonctions essentielles de leur entreprise.<\/p>\n<p>Nous vous assurons des services de qualit\u00e9 qui contribueront \u00e0 r\u00e9duire vos co\u00fbts, lib\u00e9rer vos ressources de gestion et permettront l\u2019expansion de votre entreprise sans avoir recours \u00e0 des mises de fonds suppl\u00e9mentaires pour des t\u00e2ches administratives ordinaires.<\/p>\n<p><strong>Nos services comprennent, sans toutefois s\u2019y limiter:<\/strong><\/p>\n<p><strong><\/strong><\/p>\n<ul>\n<li>Tenir \u00e0 jour les registres et les dossiers de l\u2019entreprise (paiement des factures, op\u00e9rations bancaires)<\/li>\n<li>Pr\u00e9paration de budgets<\/li>\n<li>Rapports mensuels de revenus et d\u00e9penses par projet<\/li>\n<li>Pr\u00e9paration des comptes annuels<\/li>\n<li>D\u00e9poser les rapports annuels<\/li>\n<li>Conseils sur les strat\u00e9gies li\u00e9es aux pr\u00e9visions budg\u00e9taires et la gestion financi\u00e8re<\/li>\n<\/ul>\n<p>[\/et_pb_text][\/et_pb_column][\/et_pb_row][\/et_pb_section]<\/p>\n","protected":false},"excerpt":{"rendered":"<p>Comptabilit\u00e9 et tenue de livresD\u00e9clarations TPS &amp; TVQ Toutes les entreprises sont tenues de maintenir des dossiers exacts \u00e0 des fins fiscales et le traitement des taxes de ventes TPS et TVQ. En s\u2019occupant de la tenue de livres pour votre entreprise, Comptabilit\u00e9 KC Accounting fournit des rapports pr\u00e9cis pour la TPS et la TVQ. [&hellip;]<\/p>\n","protected":false},"author":1,"featured_media":0,"parent":0,"menu_order":0,"comment_status":"closed","ping_status":"closed","template":"","meta":{"_et_pb_use_builder":"on","_et_pb_old_content":"","_et_gb_content_width":"","footnotes":""},"class_list":["post-49751","page","type-page","status-publish","hentry"],"_links":{"self":[{"href":"https:\/\/kcaccounting.ca\/fr\/wp-json\/wp\/v2\/pages\/49751","targetHints":{"allow":["GET"]}}],"collection":[{"href":"https:\/\/kcaccounting.ca\/fr\/wp-json\/wp\/v2\/pages"}],"about":[{"href":"https:\/\/kcaccounting.ca\/fr\/wp-json\/wp\/v2\/types\/page"}],"author":[{"embeddable":true,"href":"https:\/\/kcaccounting.ca\/fr\/wp-json\/wp\/v2\/users\/1"}],"replies":[{"embeddable":true,"href":"https:\/\/kcaccounting.ca\/fr\/wp-json\/wp\/v2\/comments?post=49751"}],"version-history":[{"count":3,"href":"https:\/\/kcaccounting.ca\/fr\/wp-json\/wp\/v2\/pages\/49751\/revisions"}],"predecessor-version":[{"id":49802,"href":"https:\/\/kcaccounting.ca\/fr\/wp-json\/wp\/v2\/pages\/49751\/revisions\/49802"}],"wp:attachment":[{"href":"https:\/\/kcaccounting.ca\/fr\/wp-json\/wp\/v2\/media?parent=49751"}],"curies":[{"name":"wp","href":"https:\/\/api.w.org\/{rel}","templated":true}]}}